{"id":12,"date":"2016-10-26T11:43:15","date_gmt":"2016-10-26T11:43:15","guid":{"rendered":"http:\/\/sabordepao.com.br\/site\/?page_id=12"},"modified":"2022-10-31T14:56:25","modified_gmt":"2022-10-31T14:56:25","slug":"encomendas","status":"publish","type":"page","link":"https:\/\/sabordepao.com.br\/site\/encomendas\/","title":{"rendered":"ENCOMENDAS"},"content":{"rendered":"\t\t<div data-elementor-type=\"wp-page\" data-elementor-id=\"12\" class=\"elementor elementor-12\" data-elementor-post-type=\"page\">\n\t\t\t\t<div class=\"elementor-element elementor-element-da2a272 e-flex e-con-boxed elementor-invisible e-con e-parent\" data-id=\"da2a272\" data-element_type=\"container\" data-e-type=\"container\" data-settings=\"{&quot;animation&quot;:&quot;fadeIn&quot;}\">\n\t\t\t\t\t<div class=\"e-con-inner\">\n\t\t<div class=\"elementor-element elementor-element-665197d e-con-full e-flex e-con e-child\" data-id=\"665197d\" data-element_type=\"container\" data-e-type=\"container\">\n\t\t\t\t<div class=\"elementor-element elementor-element-2eb1e72 elementor-widget elementor-widget-heading\" data-id=\"2eb1e72\" data-element_type=\"widget\" data-e-type=\"widget\" data-widget_type=\"heading.default\">\n\t\t\t\t<div class=\"elementor-widget-container\">\n\t\t\t\t\t<h2 class=\"elementor-heading-title elementor-size-large\">mais sabor<\/h2>\t\t\t\t<\/div>\n\t\t\t\t<\/div>\n\t\t\t\t<div class=\"elementor-element elementor-element-998ee3a elementor-widget-divider--view-line elementor-widget elementor-widget-divider\" data-id=\"998ee3a\" data-element_type=\"widget\" data-e-type=\"widget\" data-widget_type=\"divider.default\">\n\t\t\t\t<div class=\"elementor-widget-container\">\n\t\t\t\t\t\t\t<div class=\"elementor-divider\">\n\t\t\t<span class=\"elementor-divider-separator\">\n\t\t\t\t\t\t<\/span>\n\t\t<\/div>\n\t\t\t\t\t\t<\/div>\n\t\t\t\t<\/div>\n\t\t\t\t<div class=\"elementor-element elementor-element-ab20723 elementor-widget elementor-widget-text-editor\" data-id=\"ab20723\" data-element_type=\"widget\" data-e-type=\"widget\" data-widget_type=\"text-editor.default\">\n\t\t\t\t<div class=\"elementor-widget-container\">\n\t\t\t\t\t\t\t\t\t<p>Com a Sabor de P\u00e3o sua festa tem mais sabor!<br \/>Produtos diferenciados e fresquinhos, com a qualidade inconfund\u00edvel da Sabor de P\u00e3o.<\/p>\t\t\t\t\t\t\t\t<\/div>\n\t\t\t\t<\/div>\n\t\t\t\t<\/div>\n\t\t<div class=\"elementor-element elementor-element-9944e55 e-con-full e-flex e-con e-child\" data-id=\"9944e55\" data-element_type=\"container\" data-e-type=\"container\">\n\t\t\t\t<div class=\"elementor-element elementor-element-7e774c9 gallery-spacing-custom elementor-widget elementor-widget-image-gallery\" data-id=\"7e774c9\" data-element_type=\"widget\" data-e-type=\"widget\" data-widget_type=\"image-gallery.default\">\n\t\t\t\t<div class=\"elementor-widget-container\">\n\t\t\t\t\t\t\t<div class=\"elementor-image-gallery\">\n\t\t\t<div id='gallery-1' class='gallery galleryid-12 gallery-columns-3 gallery-size-thumbnail'><figure class='gallery-item'>\n\t\t\t<div class='gallery-icon landscape'>\n\t\t\t\t<a data-elementor-open-lightbox=\"yes\" data-elementor-lightbox-slideshow=\"7e774c9\" data-elementor-lightbox-title=\"foodiesfeed.com_Your-Sunny-Side-Up-2.jpg\" data-e-action-hash=\"#elementor-action%3Aaction%3Dlightbox%26settings%3DeyJpZCI6MjMzLCJ1cmwiOiJodHRwczpcL1wvc2Fib3JkZXBhby5jb20uYnJcL3NpdGVcL3dwLWNvbnRlbnRcL3VwbG9hZHNcLzIwMjBcLzA1XC9mb29kaWVzZmVlZC5jb21fWW91ci1TdW5ueS1TaWRlLVVwLTIuanBnIiwic2xpZGVzaG93IjoiN2U3NzRjOSJ9\" href='https:\/\/sabordepao.com.br\/site\/wp-content\/uploads\/2020\/05\/foodiesfeed.com_Your-Sunny-Side-Up-2.jpg'><img decoding=\"async\" width=\"150\" height=\"150\" src=\"https:\/\/sabordepao.com.br\/site\/wp-content\/uploads\/2020\/05\/foodiesfeed.com_Your-Sunny-Side-Up-2-150x150.jpg\" class=\"attachment-thumbnail size-thumbnail\" alt=\"\" \/><\/a>\n\t\t\t<\/div><\/figure><figure class='gallery-item'>\n\t\t\t<div class='gallery-icon landscape'>\n\t\t\t\t<a data-elementor-open-lightbox=\"yes\" data-elementor-lightbox-slideshow=\"7e774c9\" data-elementor-lightbox-title=\"foodiesfeed.com_traditional-czech-honey-cake-caffee-latte.jpg\" data-e-action-hash=\"#elementor-action%3Aaction%3Dlightbox%26settings%3DeyJpZCI6MjM0LCJ1cmwiOiJodHRwczpcL1wvc2Fib3JkZXBhby5jb20uYnJcL3NpdGVcL3dwLWNvbnRlbnRcL3VwbG9hZHNcLzIwMjBcLzA1XC9mb29kaWVzZmVlZC5jb21fdHJhZGl0aW9uYWwtY3plY2gtaG9uZXktY2FrZS1jYWZmZWUtbGF0dGUuanBnIiwic2xpZGVzaG93IjoiN2U3NzRjOSJ9\" href='https:\/\/sabordepao.com.br\/site\/wp-content\/uploads\/2020\/05\/foodiesfeed.com_traditional-czech-honey-cake-caffee-latte.jpg'><img decoding=\"async\" width=\"150\" height=\"150\" src=\"https:\/\/sabordepao.com.br\/site\/wp-content\/uploads\/2020\/05\/foodiesfeed.com_traditional-czech-honey-cake-caffee-latte-150x150.jpg\" class=\"attachment-thumbnail size-thumbnail\" alt=\"\" \/><\/a>\n\t\t\t<\/div><\/figure><figure class='gallery-item'>\n\t\t\t<div class='gallery-icon landscape'>\n\t\t\t\t<a data-elementor-open-lightbox=\"yes\" data-elementor-lightbox-slideshow=\"7e774c9\" data-elementor-lightbox-title=\"foodiesfeed.com_homemade-waffles-with-coffee.jpg\" data-e-action-hash=\"#elementor-action%3Aaction%3Dlightbox%26settings%3DeyJpZCI6MjM1LCJ1cmwiOiJodHRwczpcL1wvc2Fib3JkZXBhby5jb20uYnJcL3NpdGVcL3dwLWNvbnRlbnRcL3VwbG9hZHNcLzIwMjBcLzA1XC9mb29kaWVzZmVlZC5jb21faG9tZW1hZGUtd2FmZmxlcy13aXRoLWNvZmZlZS5qcGciLCJzbGlkZXNob3ciOiI3ZTc3NGM5In0%3D\" href='https:\/\/sabordepao.com.br\/site\/wp-content\/uploads\/2020\/05\/foodiesfeed.com_homemade-waffles-with-coffee.jpg'><img decoding=\"async\" width=\"150\" height=\"150\" src=\"https:\/\/sabordepao.com.br\/site\/wp-content\/uploads\/2020\/05\/foodiesfeed.com_homemade-waffles-with-coffee-150x150.jpg\" class=\"attachment-thumbnail size-thumbnail\" alt=\"\" srcset=\"https:\/\/sabordepao.com.br\/site\/wp-content\/uploads\/2020\/05\/foodiesfeed.com_homemade-waffles-with-coffee-150x150.jpg 150w, https:\/\/sabordepao.com.br\/site\/wp-content\/uploads\/2020\/05\/foodiesfeed.com_homemade-waffles-with-coffee-300x300.jpg 300w, https:\/\/sabordepao.com.br\/site\/wp-content\/uploads\/2020\/05\/foodiesfeed.com_homemade-waffles-with-coffee-1024x1024.jpg 1024w, https:\/\/sabordepao.com.br\/site\/wp-content\/uploads\/2020\/05\/foodiesfeed.com_homemade-waffles-with-coffee-768x768.jpg 768w, https:\/\/sabordepao.com.br\/site\/wp-content\/uploads\/2020\/05\/foodiesfeed.com_homemade-waffles-with-coffee.jpg 1053w\" sizes=\"(max-width: 150px) 100vw, 150px\" \/><\/a>\n\t\t\t<\/div><\/figure><figure class='gallery-item'>\n\t\t\t<div class='gallery-icon landscape'>\n\t\t\t\t<a data-elementor-open-lightbox=\"yes\" data-elementor-lightbox-slideshow=\"7e774c9\" data-elementor-lightbox-title=\"fooodiesfeed.com_sweet-and-salty-brunch.jpg\" data-e-action-hash=\"#elementor-action%3Aaction%3Dlightbox%26settings%3DeyJpZCI6MjM2LCJ1cmwiOiJodHRwczpcL1wvc2Fib3JkZXBhby5jb20uYnJcL3NpdGVcL3dwLWNvbnRlbnRcL3VwbG9hZHNcLzIwMjBcLzA1XC9mb29vZGllc2ZlZWQuY29tX3N3ZWV0LWFuZC1zYWx0eS1icnVuY2guanBnIiwic2xpZGVzaG93IjoiN2U3NzRjOSJ9\" href='https:\/\/sabordepao.com.br\/site\/wp-content\/uploads\/2020\/05\/fooodiesfeed.com_sweet-and-salty-brunch.jpg'><img loading=\"lazy\" decoding=\"async\" width=\"150\" height=\"150\" src=\"https:\/\/sabordepao.com.br\/site\/wp-content\/uploads\/2020\/05\/fooodiesfeed.com_sweet-and-salty-brunch-150x150.jpg\" class=\"attachment-thumbnail size-thumbnail\" alt=\"\" srcset=\"https:\/\/sabordepao.com.br\/site\/wp-content\/uploads\/2020\/05\/fooodiesfeed.com_sweet-and-salty-brunch-150x150.jpg 150w, https:\/\/sabordepao.com.br\/site\/wp-content\/uploads\/2020\/05\/fooodiesfeed.com_sweet-and-salty-brunch-300x300.jpg 300w, https:\/\/sabordepao.com.br\/site\/wp-content\/uploads\/2020\/05\/fooodiesfeed.com_sweet-and-salty-brunch-768x767.jpg 768w, https:\/\/sabordepao.com.br\/site\/wp-content\/uploads\/2020\/05\/fooodiesfeed.com_sweet-and-salty-brunch.jpg 1024w\" sizes=\"(max-width: 150px) 100vw, 150px\" \/><\/a>\n\t\t\t<\/div><\/figure><figure class='gallery-item'>\n\t\t\t<div class='gallery-icon landscape'>\n\t\t\t\t<a data-elementor-open-lightbox=\"yes\" data-elementor-lightbox-slideshow=\"7e774c9\" data-elementor-lightbox-title=\"foodiesfeed.com_homemade-pizza.jpg\" data-e-action-hash=\"#elementor-action%3Aaction%3Dlightbox%26settings%3DeyJpZCI6MjM3LCJ1cmwiOiJodHRwczpcL1wvc2Fib3JkZXBhby5jb20uYnJcL3NpdGVcL3dwLWNvbnRlbnRcL3VwbG9hZHNcLzIwMjBcLzA1XC9mb29kaWVzZmVlZC5jb21faG9tZW1hZGUtcGl6emEuanBnIiwic2xpZGVzaG93IjoiN2U3NzRjOSJ9\" href='https:\/\/sabordepao.com.br\/site\/wp-content\/uploads\/2020\/05\/foodiesfeed.com_homemade-pizza.jpg'><img loading=\"lazy\" decoding=\"async\" width=\"150\" height=\"150\" src=\"https:\/\/sabordepao.com.br\/site\/wp-content\/uploads\/2020\/05\/foodiesfeed.com_homemade-pizza-150x150.jpg\" class=\"attachment-thumbnail size-thumbnail\" alt=\"\" \/><\/a>\n\t\t\t<\/div><\/figure><figure class='gallery-item'>\n\t\t\t<div class='gallery-icon landscape'>\n\t\t\t\t<a data-elementor-open-lightbox=\"yes\" data-elementor-lightbox-slideshow=\"7e774c9\" data-elementor-lightbox-title=\"foodiesfeed.com_Wedding_15.jpg\" data-e-action-hash=\"#elementor-action%3Aaction%3Dlightbox%26settings%3DeyJpZCI6MjM4LCJ1cmwiOiJodHRwczpcL1wvc2Fib3JkZXBhby5jb20uYnJcL3NpdGVcL3dwLWNvbnRlbnRcL3VwbG9hZHNcLzIwMjBcLzA1XC9mb29kaWVzZmVlZC5jb21fV2VkZGluZ18xNS5qcGciLCJzbGlkZXNob3ciOiI3ZTc3NGM5In0%3D\" href='https:\/\/sabordepao.com.br\/site\/wp-content\/uploads\/2020\/05\/foodiesfeed.com_Wedding_15.jpg'><img loading=\"lazy\" decoding=\"async\" width=\"150\" height=\"150\" src=\"https:\/\/sabordepao.com.br\/site\/wp-content\/uploads\/2020\/05\/foodiesfeed.com_Wedding_15-150x150.jpg\" class=\"attachment-thumbnail size-thumbnail\" alt=\"\" \/><\/a>\n\t\t\t<\/div><\/figure>\n\t\t<\/div>\n\t\t<\/div>\n\t\t\t\t\t\t<\/div>\n\t\t\t\t<\/div>\n\t\t\t\t<\/div>\n\t\t\t\t\t<\/div>\n\t\t\t\t<\/div>\n\t\t<div class=\"elementor-element elementor-element-437a890 e-flex e-con-boxed e-con e-parent\" data-id=\"437a890\" data-element_type=\"container\" data-e-type=\"container\" data-settings=\"{&quot;background_background&quot;:&quot;classic&quot;}\">\n\t\t\t\t\t<div class=\"e-con-inner\">\n\t\t<div class=\"elementor-element elementor-element-ea2dd2e e-con-full e-flex e-con e-child\" data-id=\"ea2dd2e\" data-element_type=\"container\" data-e-type=\"container\">\n\t\t\t\t<div class=\"elementor-element elementor-element-abab740 elementor-invisible elementor-widget elementor-widget-heading\" data-id=\"abab740\" data-element_type=\"widget\" data-e-type=\"widget\" data-settings=\"{&quot;_animation&quot;:&quot;fadeIn&quot;}\" data-widget_type=\"heading.default\">\n\t\t\t\t<div class=\"elementor-widget-container\">\n\t\t\t\t\t<h2 class=\"elementor-heading-title elementor-size-large\">Obtenha informa\u00e7\u00f5es e sugest\u00f5es para a sua festa  <br>\nKit-festas Sabor de P\u00e3o:<\/h2>\t\t\t\t<\/div>\n\t\t\t\t<\/div>\n\t\t\t\t<div class=\"elementor-element elementor-element-6897e9d elementor-widget elementor-widget-testimonial\" data-id=\"6897e9d\" data-element_type=\"widget\" data-e-type=\"widget\" data-widget_type=\"testimonial.default\">\n\t\t\t\t<div class=\"elementor-widget-container\">\n\t\t\t\t\t\t\t<div class=\"elementor-testimonial-wrapper\">\n\t\t\t\t\t\t\t<div class=\"elementor-testimonial-content\">N\u00e3o importa o n\u00famero de pessoas que voc\u00ea vai convidar,<br> o importante mesmo \u00e9 que com a Sabor de P\u00e3o, <br>seu evento sempre \u00e9 sucesso!<\/div>\n\t\t\t\n\t\t\t\t\t\t<div class=\"elementor-testimonial-meta elementor-has-image elementor-testimonial-image-position-aside\">\n\t\t\t\t<div class=\"elementor-testimonial-meta-inner\">\n\t\t\t\t\t\t\t\t\t\t\t<div class=\"elementor-testimonial-image\">\n\t\t\t\t\t\t\t<img loading=\"lazy\" decoding=\"async\" width=\"150\" height=\"150\" src=\"https:\/\/sabordepao.com.br\/site\/wp-content\/uploads\/2016\/10\/IMG_7276-150x150.jpg\" class=\"attachment-thumbnail size-thumbnail wp-image-64\" alt=\"\" srcset=\"https:\/\/sabordepao.com.br\/site\/wp-content\/uploads\/2016\/10\/IMG_7276-150x150.jpg 150w, https:\/\/sabordepao.com.br\/site\/wp-content\/uploads\/2016\/10\/IMG_7276-500x500.jpg 500w, https:\/\/sabordepao.com.br\/site\/wp-content\/uploads\/2016\/10\/IMG_7276-400x400.jpg 400w\" sizes=\"(max-width: 150px) 100vw, 150px\" \/>\t\t\t\t\t\t<\/div>\n\t\t\t\t\t\n\t\t\t\t\t\t\t\t\t\t<div class=\"elementor-testimonial-details\">\n\t\t\t\t\t\t\t\t\t\t\t\t\t\t<div class=\"elementor-testimonial-name\">(54) 3028-1446<\/div>\n\t\t\t\t\t\t\t\t\t\t\t\t\t\t\t\t\t\t\t<\/div>\n\t\t\t\t\t\t\t\t\t<\/div>\n\t\t\t<\/div>\n\t\t\t\t\t<\/div>\n\t\t\t\t\t\t<\/div>\n\t\t\t\t<\/div>\n\t\t\t\t<\/div>\n\t\t\t\t\t<\/div>\n\t\t\t\t<\/div>\n\t\t\t\t<section class=\"elementor-section elementor-top-section elementor-element elementor-element-5e0be9b9 elementor-section-boxed elementor-section-height-default elementor-section-height-default\" data-id=\"5e0be9b9\" data-element_type=\"section\" data-e-type=\"section\" data-settings=\"{&quot;background_background&quot;:&quot;classic&quot;}\">\n\t\t\t\t\t\t<div class=\"elementor-container elementor-column-gap-no\">\n\t\t\t\t\t<div class=\"elementor-column elementor-col-100 elementor-top-column elementor-element elementor-element-63bee33\" data-id=\"63bee33\" data-element_type=\"column\" data-e-type=\"column\">\n\t\t\t<div class=\"elementor-widget-wrap elementor-element-populated\">\n\t\t\t\t\t\t<section class=\"elementor-section elementor-inner-section elementor-element elementor-element-20ebf491 elementor-section-content-middle elementor-section-boxed elementor-section-height-default elementor-section-height-default\" data-id=\"20ebf491\" data-element_type=\"section\" data-e-type=\"section\">\n\t\t\t\t\t\t<div class=\"elementor-container elementor-column-gap-no\">\n\t\t\t\t\t<div class=\"elementor-column elementor-col-50 elementor-inner-column elementor-element elementor-element-6e533aca\" data-id=\"6e533aca\" data-element_type=\"column\" data-e-type=\"column\" data-settings=\"{&quot;background_background&quot;:&quot;classic&quot;}\">\n\t\t\t<div class=\"elementor-widget-wrap elementor-element-populated\">\n\t\t\t\t\t\t<div class=\"elementor-element elementor-element-7d4ff51c elementor-widget elementor-widget-heading\" data-id=\"7d4ff51c\" data-element_type=\"widget\" data-e-type=\"widget\" data-widget_type=\"heading.default\">\n\t\t\t\t<div class=\"elementor-widget-container\">\n\t\t\t\t\t<h3 class=\"elementor-heading-title elementor-size-large\">SABOR DE P\u00c3O<\/h3>\t\t\t\t<\/div>\n\t\t\t\t<\/div>\n\t\t\t\t<div class=\"elementor-element elementor-element-48ddf7aa elementor-widget-divider--view-line elementor-widget elementor-widget-divider\" data-id=\"48ddf7aa\" data-element_type=\"widget\" data-e-type=\"widget\" data-widget_type=\"divider.default\">\n\t\t\t\t<div class=\"elementor-widget-container\">\n\t\t\t\t\t\t\t<div class=\"elementor-divider\">\n\t\t\t<span class=\"elementor-divider-separator\">\n\t\t\t\t\t\t<\/span>\n\t\t<\/div>\n\t\t\t\t\t\t<\/div>\n\t\t\t\t<\/div>\n\t\t\t\t<div class=\"elementor-element elementor-element-6bc36aff elementor-widget elementor-widget-text-editor\" data-id=\"6bc36aff\" data-element_type=\"widget\" data-e-type=\"widget\" data-widget_type=\"text-editor.default\">\n\t\t\t\t<div class=\"elementor-widget-container\">\n\t\t\t\t\t\t\t\t\t<p>Conhe\u00e7a nossa linha de p\u00e3es artesanais.<\/p>\t\t\t\t\t\t\t\t<\/div>\n\t\t\t\t<\/div>\n\t\t\t\t\t<\/div>\n\t\t<\/div>\n\t\t\t\t<div class=\"elementor-column elementor-col-50 elementor-inner-column elementor-element elementor-element-4f4f2b70\" data-id=\"4f4f2b70\" data-element_type=\"column\" data-e-type=\"column\" data-settings=\"{&quot;background_background&quot;:&quot;classic&quot;}\">\n\t\t\t<div class=\"elementor-widget-wrap elementor-element-populated\">\n\t\t\t\t\t\t<div class=\"elementor-element elementor-element-3e79f74a elementor-widget elementor-widget-spacer\" data-id=\"3e79f74a\" data-element_type=\"widget\" data-e-type=\"widget\" data-widget_type=\"spacer.default\">\n\t\t\t\t<div class=\"elementor-widget-container\">\n\t\t\t\t\t\t\t<div class=\"elementor-spacer\">\n\t\t\t<div class=\"elementor-spacer-inner\"><\/div>\n\t\t<\/div>\n\t\t\t\t\t\t<\/div>\n\t\t\t\t<\/div>\n\t\t\t\t\t<\/div>\n\t\t<\/div>\n\t\t\t\t\t<\/div>\n\t\t<\/section>\n\t\t\t\t<section class=\"elementor-section elementor-inner-section elementor-element elementor-element-5ad2ae24 elementor-section-content-middle elementor-reverse-mobile elementor-section-boxed elementor-section-height-default elementor-section-height-default\" data-id=\"5ad2ae24\" data-element_type=\"section\" data-e-type=\"section\">\n\t\t\t\t\t\t<div class=\"elementor-container elementor-column-gap-no\">\n\t\t\t\t\t<div class=\"elementor-column elementor-col-50 elementor-inner-column elementor-element elementor-element-5608f94d\" data-id=\"5608f94d\" data-element_type=\"column\" data-e-type=\"column\">\n\t\t\t<div class=\"elementor-widget-wrap elementor-element-populated\">\n\t\t\t\t\t\t<div class=\"elementor-element elementor-element-db7099d elementor-pagination-position-inside elementor-arrows-position-inside elementor-widget elementor-widget-image-carousel\" data-id=\"db7099d\" data-element_type=\"widget\" data-e-type=\"widget\" data-settings=\"{&quot;slides_to_show&quot;:&quot;1&quot;,&quot;navigation&quot;:&quot;both&quot;,&quot;autoplay&quot;:&quot;yes&quot;,&quot;pause_on_hover&quot;:&quot;yes&quot;,&quot;pause_on_interaction&quot;:&quot;yes&quot;,&quot;autoplay_speed&quot;:5000,&quot;infinite&quot;:&quot;yes&quot;,&quot;effect&quot;:&quot;slide&quot;,&quot;speed&quot;:500}\" data-widget_type=\"image-carousel.default\">\n\t\t\t\t<div class=\"elementor-widget-container\">\n\t\t\t\t\t\t\t<div class=\"elementor-image-carousel-wrapper swiper\" role=\"region\" aria-roledescription=\"carousel\" aria-label=\"Carrossel de imagens\" dir=\"ltr\">\n\t\t\t<div class=\"elementor-image-carousel swiper-wrapper\" aria-live=\"off\">\n\t\t\t\t\t\t\t\t<div class=\"swiper-slide\" role=\"group\" aria-roledescription=\"slide\" aria-label=\"1 de 3\"><figure class=\"swiper-slide-inner\"><img decoding=\"async\" class=\"swiper-slide-image\" src=\"https:\/\/sabordepao.com.br\/site\/wp-content\/uploads\/elementor\/thumbs\/IMG_7246-rfdgbf0q1xo45bz6e6afpydzgdx2zuvn96uv0ijkgo.jpg\" alt=\"img_7246\" \/><\/figure><\/div><div class=\"swiper-slide\" role=\"group\" aria-roledescription=\"slide\" aria-label=\"2 de 3\"><figure class=\"swiper-slide-inner\"><img decoding=\"async\" class=\"swiper-slide-image\" src=\"https:\/\/sabordepao.com.br\/site\/wp-content\/uploads\/elementor\/thumbs\/IMG_7225-rfdgb9dowxge7o7db3uoazt7w2ovpo998exy4urxi0.jpg\" alt=\"img_7225\" \/><\/figure><\/div><div class=\"swiper-slide\" role=\"group\" aria-roledescription=\"slide\" aria-label=\"3 de 3\"><figure class=\"swiper-slide-inner\"><img decoding=\"async\" class=\"swiper-slide-image\" src=\"https:\/\/sabordepao.com.br\/site\/wp-content\/uploads\/elementor\/thumbs\/IMG_7270-rfdgbjpx03ujrdscmqbkkf7afb9x2ceaxu4aewcllk.jpg\" alt=\"img_7270\" \/><\/figure><\/div>\t\t\t<\/div>\n\t\t\t\t\t\t\t\t\t\t\t\t<div class=\"elementor-swiper-button elementor-swiper-button-prev\" role=\"button\" tabindex=\"0\">\n\t\t\t\t\t\t<i aria-hidden=\"true\" class=\"eicon-chevron-left\"><\/i>\t\t\t\t\t<\/div>\n\t\t\t\t\t<div class=\"elementor-swiper-button elementor-swiper-button-next\" role=\"button\" tabindex=\"0\">\n\t\t\t\t\t\t<i aria-hidden=\"true\" class=\"eicon-chevron-right\"><\/i>\t\t\t\t\t<\/div>\n\t\t\t\t\n\t\t\t\t\t\t\t\t\t<div class=\"swiper-pagination\"><\/div>\n\t\t\t\t\t\t\t\t\t<\/div>\n\t\t\t\t\t\t<\/div>\n\t\t\t\t<\/div>\n\t\t\t\t\t<\/div>\n\t\t<\/div>\n\t\t\t\t<div class=\"elementor-column elementor-col-50 elementor-inner-column elementor-element elementor-element-1abde224\" data-id=\"1abde224\" data-element_type=\"column\" data-e-type=\"column\" data-settings=\"{&quot;background_background&quot;:&quot;classic&quot;}\">\n\t\t\t<div class=\"elementor-widget-wrap elementor-element-populated\">\n\t\t\t\t\t\t<div class=\"elementor-element elementor-element-63afc9e6 elementor-widget elementor-widget-heading\" data-id=\"63afc9e6\" data-element_type=\"widget\" data-e-type=\"widget\" data-widget_type=\"heading.default\">\n\t\t\t\t<div class=\"elementor-widget-container\">\n\t\t\t\t\t<h3 class=\"elementor-heading-title elementor-size-large\">DOCES E SALGADOS<\/h3>\t\t\t\t<\/div>\n\t\t\t\t<\/div>\n\t\t\t\t<div class=\"elementor-element elementor-element-604b7097 elementor-widget-divider--view-line elementor-widget elementor-widget-divider\" data-id=\"604b7097\" data-element_type=\"widget\" data-e-type=\"widget\" data-widget_type=\"divider.default\">\n\t\t\t\t<div class=\"elementor-widget-container\">\n\t\t\t\t\t\t\t<div class=\"elementor-divider\">\n\t\t\t<span class=\"elementor-divider-separator\">\n\t\t\t\t\t\t<\/span>\n\t\t<\/div>\n\t\t\t\t\t\t<\/div>\n\t\t\t\t<\/div>\n\t\t\t\t<div class=\"elementor-element elementor-element-65581490 elementor-widget elementor-widget-text-editor\" data-id=\"65581490\" data-element_type=\"widget\" data-e-type=\"widget\" data-widget_type=\"text-editor.default\">\n\t\t\t\t<div class=\"elementor-widget-container\">\n\t\t\t\t\t\t\t\t\t<p>Conhe\u00e7a nossa linha de produtos.<\/p>\t\t\t\t\t\t\t\t<\/div>\n\t\t\t\t<\/div>\n\t\t\t\t\t<\/div>\n\t\t<\/div>\n\t\t\t\t\t<\/div>\n\t\t<\/section>\n\t\t\t\t<section class=\"elementor-section elementor-inner-section elementor-element elementor-element-69bc2311 elementor-section-content-middle elementor-section-boxed elementor-section-height-default elementor-section-height-default\" data-id=\"69bc2311\" data-element_type=\"section\" data-e-type=\"section\">\n\t\t\t\t\t\t<div class=\"elementor-container elementor-column-gap-no\">\n\t\t\t\t\t<div class=\"elementor-column elementor-col-50 elementor-inner-column elementor-element elementor-element-343acf0d\" data-id=\"343acf0d\" data-element_type=\"column\" data-e-type=\"column\" data-settings=\"{&quot;background_background&quot;:&quot;classic&quot;}\">\n\t\t\t<div class=\"elementor-widget-wrap elementor-element-populated\">\n\t\t\t\t\t\t<div class=\"elementor-element elementor-element-341b8844 elementor-widget elementor-widget-heading\" data-id=\"341b8844\" data-element_type=\"widget\" data-e-type=\"widget\" data-widget_type=\"heading.default\">\n\t\t\t\t<div class=\"elementor-widget-container\">\n\t\t\t\t\t<h3 class=\"elementor-heading-title elementor-size-large\">Perfei\u00e7\u00e3o nos detallhes<\/h3>\t\t\t\t<\/div>\n\t\t\t\t<\/div>\n\t\t\t\t<div class=\"elementor-element elementor-element-6abb0417 elementor-widget-divider--view-line elementor-widget elementor-widget-divider\" data-id=\"6abb0417\" data-element_type=\"widget\" data-e-type=\"widget\" data-widget_type=\"divider.default\">\n\t\t\t\t<div class=\"elementor-widget-container\">\n\t\t\t\t\t\t\t<div class=\"elementor-divider\">\n\t\t\t<span class=\"elementor-divider-separator\">\n\t\t\t\t\t\t<\/span>\n\t\t<\/div>\n\t\t\t\t\t\t<\/div>\n\t\t\t\t<\/div>\n\t\t\t\t<div class=\"elementor-element elementor-element-673f4527 elementor-widget elementor-widget-text-editor\" data-id=\"673f4527\" data-element_type=\"widget\" data-e-type=\"widget\" data-widget_type=\"text-editor.default\">\n\t\t\t\t<div class=\"elementor-widget-container\">\n\t\t\t\t\t\t\t\t\t<p>Consuma produtos pensados em cada detalhe com um atendimento que voc\u00ea j\u00e1 conhece.<\/p>\t\t\t\t\t\t\t\t<\/div>\n\t\t\t\t<\/div>\n\t\t\t\t\t<\/div>\n\t\t<\/div>\n\t\t\t\t<div class=\"elementor-column elementor-col-50 elementor-inner-column elementor-element elementor-element-6640a307\" data-id=\"6640a307\" data-element_type=\"column\" data-e-type=\"column\">\n\t\t\t<div class=\"elementor-widget-wrap elementor-element-populated\">\n\t\t\t\t\t\t<div class=\"elementor-element elementor-element-75c5cf6 elementor-pagination-position-inside elementor-arrows-position-inside elementor-widget elementor-widget-image-carousel\" data-id=\"75c5cf6\" data-element_type=\"widget\" data-e-type=\"widget\" data-settings=\"{&quot;slides_to_show&quot;:&quot;1&quot;,&quot;navigation&quot;:&quot;both&quot;,&quot;autoplay&quot;:&quot;yes&quot;,&quot;pause_on_hover&quot;:&quot;yes&quot;,&quot;pause_on_interaction&quot;:&quot;yes&quot;,&quot;autoplay_speed&quot;:5000,&quot;infinite&quot;:&quot;yes&quot;,&quot;effect&quot;:&quot;slide&quot;,&quot;speed&quot;:500}\" data-widget_type=\"image-carousel.default\">\n\t\t\t\t<div class=\"elementor-widget-container\">\n\t\t\t\t\t\t\t<div class=\"elementor-image-carousel-wrapper swiper\" role=\"region\" aria-roledescription=\"carousel\" aria-label=\"Carrossel de imagens\" dir=\"ltr\">\n\t\t\t<div class=\"elementor-image-carousel swiper-wrapper\" aria-live=\"off\">\n\t\t\t\t\t\t\t\t<div class=\"swiper-slide\" role=\"group\" aria-roledescription=\"slide\" aria-label=\"1 de 2\"><figure class=\"swiper-slide-inner\"><img decoding=\"async\" class=\"swiper-slide-image\" src=\"https:\/\/sabordepao.com.br\/site\/wp-content\/uploads\/elementor\/thumbs\/IMG_7162-rfdgazzb0l3izkl0tzsem26ly7z7kp7xv4f3c35v88.jpg\" alt=\"img_7162\" \/><\/figure><\/div><div class=\"swiper-slide\" role=\"group\" aria-roledescription=\"slide\" aria-label=\"2 de 2\"><figure class=\"swiper-slide-inner\"><img decoding=\"async\" class=\"swiper-slide-image\" src=\"https:\/\/sabordepao.com.br\/site\/wp-content\/uploads\/elementor\/thumbs\/IMG_7153-rfdgax5sg2zo0qp4agkiwkw862d3xlwquqgmw9a1qw.jpg\" alt=\"img_7153\" \/><\/figure><\/div>\t\t\t<\/div>\n\t\t\t\t\t\t\t\t\t\t\t\t<div class=\"elementor-swiper-button elementor-swiper-button-prev\" role=\"button\" tabindex=\"0\">\n\t\t\t\t\t\t<i aria-hidden=\"true\" class=\"eicon-chevron-left\"><\/i>\t\t\t\t\t<\/div>\n\t\t\t\t\t<div class=\"elementor-swiper-button elementor-swiper-button-next\" role=\"button\" tabindex=\"0\">\n\t\t\t\t\t\t<i aria-hidden=\"true\" class=\"eicon-chevron-right\"><\/i>\t\t\t\t\t<\/div>\n\t\t\t\t\n\t\t\t\t\t\t\t\t\t<div class=\"swiper-pagination\"><\/div>\n\t\t\t\t\t\t\t\t\t<\/div>\n\t\t\t\t\t\t<\/div>\n\t\t\t\t<\/div>\n\t\t\t\t\t<\/div>\n\t\t<\/div>\n\t\t\t\t\t<\/div>\n\t\t<\/section>\n\t\t\t\t\t<\/div>\n\t\t<\/div>\n\t\t\t\t\t<\/div>\n\t\t<\/section>\n\t\t\t\t<\/div>\n\t\t","protected":false},"excerpt":{"rendered":"<p>mais sabor Com a Sabor de P\u00e3o sua festa tem mais sabor!Produtos diferenciados e fresquinhos, com a qualidade inconfund\u00edvel da Sabor de P\u00e3o. Obtenha informa\u00e7\u00f5es e sugest\u00f5es para a sua festa Kit-festas Sabor de P\u00e3o: N\u00e3o importa o n\u00famero de pessoas que voc\u00ea vai convidar, o importante mesmo \u00e9 que com a Sabor de P\u00e3o, [&hellip;]<\/p>\n","protected":false},"author":1,"featured_media":0,"parent":0,"menu_order":0,"comment_status":"closed","ping_status":"closed","template":"elementor_header_footer","meta":{"footnotes":""},"class_list":["post-12","page","type-page","status-publish","hentry"],"_links":{"self":[{"href":"https:\/\/sabordepao.com.br\/site\/wp-json\/wp\/v2\/pages\/12","targetHints":{"allow":["GET"]}}],"collection":[{"href":"https:\/\/sabordepao.com.br\/site\/wp-json\/wp\/v2\/pages"}],"about":[{"href":"https:\/\/sabordepao.com.br\/site\/wp-json\/wp\/v2\/types\/page"}],"author":[{"embeddable":true,"href":"https:\/\/sabordepao.com.br\/site\/wp-json\/wp\/v2\/users\/1"}],"replies":[{"embeddable":true,"href":"https:\/\/sabordepao.com.br\/site\/wp-json\/wp\/v2\/comments?post=12"}],"version-history":[{"count":107,"href":"https:\/\/sabordepao.com.br\/site\/wp-json\/wp\/v2\/pages\/12\/revisions"}],"predecessor-version":[{"id":497,"href":"https:\/\/sabordepao.com.br\/site\/wp-json\/wp\/v2\/pages\/12\/revisions\/497"}],"wp:attachment":[{"href":"https:\/\/sabordepao.com.br\/site\/wp-json\/wp\/v2\/media?parent=12"}],"curies":[{"name":"wp","href":"https:\/\/api.w.org\/{rel}","templated":true}]}}